{"id":1711,"date":"2022-07-11T20:44:52","date_gmt":"2022-07-11T18:44:52","guid":{"rendered":"https:\/\/www.withub.it\/?page_id=1711"},"modified":"2023-09-12T18:19:28","modified_gmt":"2023-09-12T16:19:28","slug":"privacy","status":"publish","type":"page","link":"https:\/\/www.withub.it\/it\/privacy\/","title":{"rendered":"Privacy"},"content":{"rendered":"<div class=\"wpb-content-wrapper\"><p>[vc_row css_animation=&#8221;&#8221; row_type=&#8221;row&#8221; use_row_as_full_screen_section=&#8221;no&#8221; type=&#8221;full_width&#8221; angled_section=&#8221;no&#8221; text_align=&#8221;left&#8221; background_image_as_pattern=&#8221;without_pattern&#8221;][vc_column][vc_row_inner row_type=&#8221;row&#8221; type=&#8221;grid&#8221; text_align=&#8221;left&#8221; css_animation=&#8221;&#8221;][vc_column_inner][vc_column_text]<\/p>\n<h1>Privacy Policy<\/h1>\n<p>[\/vc_column_text][vc_empty_space height=&#8221;16px&#8221;][vc_single_image image=&#8221;125&#8243; img_size=&#8221;full&#8221; qode_css_animation=&#8221;&#8221; el_class=&#8221;borde-image&#8221;][\/vc_column_inner][\/vc_row_inner][vc_empty_space height=&#8221;96px&#8221;][vc_empty_space height=&#8221;96px&#8221;][vc_empty_space height=&#8221;96px&#8221;][vc_row_inner row_type=&#8221;row&#8221; type=&#8221;grid&#8221; text_align=&#8221;left&#8221; css_animation=&#8221;&#8221; el_class=&#8221;box-container&#8221;][vc_column_inner][vc_column_text]<\/p>\n<h3 style=\"text-align: center;color: var(--base)\">WITHUB ha a cuore la tua privacy<\/h3>\n<p>[\/vc_column_text][\/vc_column_inner][\/vc_row_inner][vc_row_inner row_type=&#8221;row&#8221; type=&#8221;grid&#8221; text_align=&#8221;left&#8221; css_animation=&#8221;&#8221; el_class=&#8221;box-container&#8221;][vc_column_inner][vc_column_text]<\/p>\n<h3>PRIVACY E TERMINI DI UTILIZZO<\/h3>\n<p>Vi ricordiamo che tutto il contenuto del presente sito \u00e8 di propriet\u00e0 di WITHUB S.P.A e non pu\u00f2 essere in alcun modo scaricato, venduto o ceduto a terzi, modificato, alterato o rielaborato. La ditta WITHUB S.P.A. rimane l\u2019unico proprietario secondo la normativa vigente.<\/p>\n<h4>REGOLAMENTO EUROPEO 2016\/679 (GDPR)<\/h4>\n<p>Gentile interessato desideriamo informarLa che il \u201cRegolamento Europeo 2016\/679 relativo alla protezione delle persone fisiche con riguardo al Trattamento dei Dati Personali, nonch\u00e9 alla libera circolazione di tali dati\u201d (da ora in poi \u201cGDPR\u201d) prevede la tutela delle persone e di altri soggetti rispetto al trattamento dei dati personali.<br \/>\nWITHUB S.P.A. in qualit\u00e0 di \u201cTitolare\u201d del trattamento, ai sensi dell\u2019articolo 13 del GDPR, Le fornisce le seguenti informazioni:<br \/>\nCATEGORIE DI DATI: tratter\u00e0 i dati personali e\/o sensibili che saranno inseriti nel form contatti.<br \/>\nFONTE DEI DATI PERSONALI: I dati personali di cui WITHUB S.P.A sar\u00e0 in possesso sono raccolti direttamente dall\u2019interessato all\u2019atto della compilazione del presente form contatti.<br \/>\nTITOLARE DEL TRATTAMENTO: Il titolare del trattamento \u00e8 WITHUB S.P.A, Via Rubens 19, 20148 Milano.<br \/>\nFINALIT\u00c0 DI TRATTAMENTO DEI DATI E BASE GIURIDICA: Il trattamento dei Suoi dati, raccolti ed archiviati in relazione alla compilazione del form, ha come base giuridica il suo consenso ed \u00e8 effettuato per le seguenti finalit\u00e0: rispondere a richieste di informazioni inviate tramite il form, fornire servizi di assistenza e supporto, procedere con l\u2019iscrizione alla newsletter, inviare comunicazioni di tipo formativo, informativo e commerciale, gestire attivit\u00e0 di profilazione commerciale.<br \/>\nDESTINATARI DEI DATI Nei limiti pertinenti alle finalit\u00e0 di trattamento indicate, i Suoi dati potranno essere comunicati a partner, societ\u00e0 di consulenza, aziende private, nominati Responsabili dal Titolare del Trattamento. I Suoi dati non saranno in alcun modo oggetto di diffusione. I Responsabili e gli Incaricati del trattamento in carica sono puntualmente individuati nel Documento sulla Privacy, aggiornato con cadenza periodica.<br \/>\nTRASFERIMENTO DEI DATI ALL\u2019ESTERO: i dati raccolti\u00a0non saranno oggetto di trasferimento al di fuori dei paesi UE.<br \/>\nPERIODO DI CONSERVAZIONE: I dati raccolti verranno conservati per un arco di tempo non superiore al conseguimento delle finalit\u00e0 per le quali sono trattati e comunque non superiore al periodo previsto dalle normative fiscali e civilistiche corrispondenti a n.10 anni (\u201cprincipio di limitazione della conservazione\u201d, art.5, GDPR) o in base alle scadenze previste dalle norme di legge. La verifica sulla obsolescenza dei dati conservati in relazione alle finalit\u00e0 per cui sono stati raccolti viene effettuata periodicamente.<\/p>\n<p>OBBLIGATORIET\u00c0 O MENO DEL CONFERIMENTO DATI : La informiamo che il conferimento dei dati \u00e8 per alcuni campi facoltativo e per altri (segnalati da un asterisco) obbligatorio e il mancato conferimento dei dati obbligatori comporta il NON invio del form.<br \/>\nOBBLIGATORIET\u00c0 DEL CONSENSO: La prestazione del consenso al trattamento dati tramite apposita spunta \u00e8 facoltativa, ma indispensabile per procedere con l\u2019invio del form.<br \/>\nMODALIT\u00c0 DI TRATTAMENTO DEI DATI: I dati personali da Lei forniti, formeranno oggetto di operazioni di trattamento nel rispetto della normativa sopra citata e degli obblighi di riservatezza cui \u00e8 ispirata l\u2019attivit\u00e0 del Titolare. I dati verranno trattati sia con strumenti informatici sia su supporti cartacei sia su ogni altro tipo di supporto idoneo, nel rispetto di adeguate misure tecniche ed organizzative di sicurezza previste dal GDPR.<br \/>\nDIRITTI DELL\u2019INTERESSATO: L\u2019interessato ha sempre diritto a richiedere al Titolare l\u2019accesso ai Suoi dati, la rettifica o la cancellazione degli stessi, la limitazione del trattamento o la possibilit\u00e0 di opporsi al trattamento, di richiedere la portabilit\u00e0 dei dati, di revocare il consenso al trattamento facendo valere questi e gli altri diritti previsti dal GDPR tramite semplice comunicazione al Titolare. L\u2018interessato pu\u00f2 proporre reclamo anche a un\u2019autorit\u00e0 di controllo:<\/p>\n<p><strong>Art.15 Diritto di accesso dell\u2019interessato<\/strong><br \/>\n1.L\u2019interessato ha il diritto di ottenere dal titolare del trattamento la conferma che sia o meno in corso un trattamento di dati personali che lo riguardano e in tal caso, di ottenere l\u2019accesso ai dati personali e alle seguenti informazioni: a) le finalit\u00e0 del trattamento; b) le categorie di dati personali in questione; c) i destinatari o le categorie di destinatari a cui i dati personali sono stati o saranno comunicati, in particolare se destinatari di paesi terzi o organizzazioni internazionali; d) quando possibile, il periodo di conservazione dei dati personali previsto oppure, se non \u00e8 possibile, i criteri utilizzati per determinare tale periodo; e) l\u2019esistenza del diritto dell\u2019interessato di chiedere al titolare del trattamento la rettifica o la cancellazione dei dati personali o la limitazione del trattamento dei dati personali che lo riguardano o di opporsi al loro trattamento; f) il diritto di proporre reclamo a un\u2019autorit\u00e0 di controllo; g) qualora i dati non siano raccolti presso l\u2019interessato, tutte le informazioni disponibili sulla loro origine; h) l\u2019esistenza di un processo decisionale automatizzato, compresa la profilazione di cui all\u2019articolo 22, paragrafi 1 e 4, e, almeno in tali casi, informazioni significative sulla logica utilizzata, nonch\u00e9 l\u2019importanza e le conseguenze previste di tale trattamento per l\u2019interessato. 2.Qualora i dati personali siano trasferiti a un paese terzo o a un\u2019organizzazione internazionale, l\u2019interessato ha il diritto di essere informato dell\u2019esistenza di garanzie adeguate ai sensi dell\u2019articolo 46 relative al trasferimento. 3.Il titolare del trattamento fornisce una copia dei dati personali oggetto di trattamento. In caso di ulteriori copie richieste dall\u2019interessato, il titolare del trattamento pu\u00f2 addebitare un contributo spese ragionevole basato sui costi amministrativi. Se l\u2019interessato presenta la richiesta mediante mezzi elettronici, e salvo indicazione diversa dell\u2019interessato, le informazioni sono fornite in un formato elettronico di uso comune. 4.Il diritto di ottenere una copia di cui al paragrafo 3 non deve ledere i diritti e le libert\u00e0 altrui.<\/p>\n<p><strong>Art.16 Rettifica e cancellazione Diritto di rettifica<\/strong><br \/>\nL\u2019interessato ha il diritto di ottenere dal titolare del trattamento la rettifica dei dati personali inesatti che lo riguardano senza ingiustificato ritardo. Tenuto conto delle finalit\u00e0 del trattamento, l\u2019interessato ha il diritto di ottenere l\u2019integrazione dei dati personali incompleti, anche fornendo una dichiarazione integrativa.<\/p>\n<p><strong>Art.17 Diritto alla cancellazione (\u00abdiritto all\u2019oblio\u00bb)<\/strong><br \/>\n1.L\u2019interessato ha il diritto di ottenere dal titolare del trattamento la cancellazione dei dati personali che lo riguardano senza ingiustificato ritardo e il titolare del trattamento ha l\u2019obbligo di cancellare senza ingiustificato ritardo i dati personali, se sussiste uno dei motivi seguenti: a) i dati personali non sono pi\u00f9 necessari rispetto alle finalit\u00e0 per le quali sono stati raccolti o altrimenti trattati; 4.5.2016 L 119\/43 Gazzetta ufficiale dell\u2019Unione europea IT b) l\u2019interessato revoca il consenso su cui si basa il trattamento conformemente all\u2019articolo 6, paragrafo 1, lettera a), o all\u2019articolo 9, paragrafo 2, lettera a), e se non sussiste altro fondamento giuridico per il trattamento; c) l\u2019interessato si oppone al trattamento ai sensi dell\u2019articolo 21, paragrafo 1, e non sussiste alcun motivo legittimo prevalente per procedere al trattamento, oppure si oppone al trattamento ai sensi dell\u2019articolo 21, paragrafo 2; d) i dati personali sono stati trattati illecitamente; e) i dati personali devono essere cancellati per adempiere un obbligo legale previsto dal diritto dell\u2019Unione o dello Stato membro cui \u00e8 soggetto il titolare del trattamento; f) i dati personali sono stati raccolti relativamente all\u2019offerta di servizi della societ\u00e0 dell\u2019informazione di cui all\u2019articolo 8, paragrafo 1. 2.Il titolare del trattamento, se ha reso pubblici dati personali ed \u00e8 obbligato, ai sensi del paragrafo 1, a cancellarli, tenendo conto della tecnologia disponibile e dei costi di attuazione adotta le misure ragionevoli, anche tecniche, per informare i titolari del trattamento che stanno trattando i dati personali della richiesta dell\u2019interessato di cancellare qualsiasi link, copia o riproduzione dei suoi dati personali. 3.I paragrafi 1 e 2 non si applicano nella misura in cui il trattamento sia necessario: a) per l\u2019esercizio del diritto alla libert\u00e0 di espressione e di informazione; b) per l\u2019adempimento di un obbligo legale che richieda il trattamento previsto dal diritto dell\u2019Unione o dello Stato membro cui \u00e8 soggetto il titolare del trattamento o per l\u2019esecuzione di un compito svolto nel pubblico interesse oppure nell\u2019esercizio di pubblici poteri di cui \u00e8 investito il titolare del trattamento; c) per motivi di interesse pubblico nel settore della sanit\u00e0 pubblica in conformit\u00e0 dell\u2019articolo 9, paragrafo 2, lettere h) e i), e dell\u2019articolo 9, paragrafo 3; d) a fini di archiviazione nel pubblico interesse, di ricerca scientifica o storica o a fini statistici conformemente all\u2019articolo 89, paragrafo 1, nella misura in cui il diritto di cui al paragrafo 1 rischi di rendere impossibile o di pregiudicare gravemente il conseguimento degli obiettivi di tale trattamento; o e) per l\u2019accertamento, l\u2019esercizio o la difesa di un diritto in sede giudiziaria.<\/p>\n<p><strong>Art.18 Diritto di limitazione di trattamento<\/strong><br \/>\n1.L\u2019interessato ha il diritto di ottenere dal titolare del trattamento la limitazione del trattamento quando ricorre una delle seguenti ipotesi: a) l\u2019interessato contesta l\u2019esattezza dei dati personali, per il periodo necessario al titolare del trattamento per verificare l\u2019esattezza di tali dati personali; b) il trattamento \u00e8 illecito e l\u2019interessato si oppone alla cancellazione dei dati personali e chiede invece che ne sia limitato l\u2019utilizzo; c) bench\u00e9 il titolare del trattamento non ne abbia pi\u00f9 bisogno ai fini del trattamento, i dati personali sono necessari all\u2019interessato per l\u2019accertamento, l\u2019esercizio o la difesa di un diritto in sede giudiziaria; d) l\u2019interessato si \u00e8 opposto al trattamento ai sensi dell\u2019articolo 21, paragrafo 1, in attesa della verifica in merito all\u2019eventuale prevalenza dei motivi legittimi del titolare del trattamento rispetto a quelli dell\u2019interessato. 2.Se il trattamento \u00e8 limitato a norma del paragrafo 1, tali dati personali sono trattati, salvo che per la conservazione, soltanto con il consenso dell\u2019interessato o per l\u2019accertamento, l\u2019esercizio o la difesa di un diritto in sede giudiziaria oppure per tutelare i diritti di un\u2019altra persona fisica o giuridica o per motivi di interesse pubblico rilevante dell\u2019Unione o di uno Stato membro. 4.5.2016 L 119\/44 Gazzetta ufficiale dell\u2019Unione europea IT 3.L\u2019interessato che ha ottenuto la limitazione del trattamento a norma del paragrafo 1 \u00e8 informato dal titolare del trattamento prima che detta limitazione sia revocata.<\/p>\n<p><strong>Art.19 Obbligo di notifica in caso di rettifica o cancellazione dei dati personali o limitazione del trattamento<\/strong><br \/>\nIl titolare del trattamento comunica a ciascuno dei destinatari cui sono stati trasmessi i dati personali le eventuali rettifiche o cancellazioni o limitazioni del trattamento effettuate a norma dell\u2019articolo 16, dell\u2019articolo 17, paragrafo 1, e dell\u2019articolo 18, salvo che ci\u00f2 si riveli impossibile o implichi uno sforzo sproporzionato. Il titolare del trattamento comunica all\u2019interessato tali destinatari qualora l\u2019interessato lo richieda.<\/p>\n<p><strong>Art.20 Diritto alla portabilit\u00e0 dei dati<\/strong><br \/>\n1.L\u2019interessato ha il diritto di ricevere in un formato strutturato, di uso comune e leggibile da dispositivo automatico i dati personali che lo riguardano forniti a un titolare del trattamento e ha il diritto di trasmettere tali dati a un altro titolare del trattamento senza impedimenti da parte del titolare del trattamento cui li ha forniti qualora: a) il trattamento si basi sul consenso ai sensi dell\u2019articolo 6, paragrafo 1, lettera a), o dell\u2019articolo 9, paragrafo 2, lettera a), o su un contratto ai sensi dell\u2019articolo 6, paragrafo 1, lettera b); e b) il trattamento sia effettuato con mezzi automatizzati. 2.Nell\u2019esercitare i propri diritti relativamente alla portabilit\u00e0 dei dati a norma del paragrafo 1, l\u2019interessato ha il diritto di ottenere la trasmissione diretta dei dati personali da un titolare del trattamento all\u2019altro, se tecnicamente fattibile. 3.L\u2019esercizio del diritto di cui al paragrafo 1 del presente articolo lascia impregiudicato l\u2019articolo 17. Tale diritto non si applica al trattamento necessario per l\u2019esecuzione di un compito di interesse pubblico o connesso all\u2019esercizio di pubblici poteri di cui \u00e8 investito il titolare del trattamento. 4.Il diritto di cui al paragrafo 1 non deve ledere i diritti e le libert\u00e0 altrui.<\/p>\n<p>Diritto di opposizione e processo decisionale automatizzato relativo alle persone fisiche<\/p>\n<p><strong>Art.21 Diritto di opposizione<\/strong><br \/>\n1.L\u2019interessato ha il diritto di opporsi in qualsiasi momento, per motivi connessi alla sua situazione particolare, al trattamento dei dati personali che lo riguardano ai sensi dell\u2019articolo 6, paragrafo 1, lettere e) o f), compresa la profilazione sulla base di tali disposizioni. Il titolare del trattamento si astiene dal trattare ulteriormente i dati personali salvo che egli dimostri l\u2019esistenza di motivi legittimi cogenti per procedere al trattamento che prevalgono sugli interessi, sui diritti e sulle libert\u00e0 dell\u2019interessato oppure per l\u2019accertamento, l\u2019esercizio o la difesa di un diritto in sede giudiziaria. 2.Qualora i dati personali siano trattati per finalit\u00e0 di marketing diretto, l\u2019interessato ha il diritto di opporsi in qualsiasi momento al trattamento dei dati personali che lo riguardano effettuato per tali finalit\u00e0, compresa la profilazione nella misura in cui sia connessa a tale marketing diretto. 3.Qualora l\u2019interessato si opponga al trattamento per finalit\u00e0 di marketing diretto, i dati personali non sono pi\u00f9 oggetto di trattamento per tali finalit\u00e0. 4.5.2016 L 119\/45 Gazzetta ufficiale dell\u2019Unione europea IT 4.Il diritto di cui ai paragrafi 1 e 2 \u00e8 esplicitamente portato all\u2019attenzione dell\u2019interessato ed \u00e8 presentato chiaramente e separatamente da qualsiasi altra informazione al pi\u00f9 tardi al momento della prima comunicazione con l\u2019interessato. 5.Nel contesto dell\u2019utilizzo di servizi della societ\u00e0 dell\u2019informazione e fatta salva la direttiva 2002\/58\/CE, l\u2019interessato pu\u00f2 esercitare il proprio diritto di opposizione con mezzi automatizzati che utilizzano specifiche tecniche. 6.Qualora i dati personali siano trattati a fini di ricerca scientifica o storica o a fini statistici a norma dell\u2019articolo 89, paragrafo 1, l\u2019interessato, per motivi connessi alla sua situazione particolare, ha il diritto di opporsi al trattamento di dati personali che lo riguarda, salvo se il trattamento \u00e8 necessario per l\u2019esecuzione di un compito di interesse pubblico.<\/p>\n<p><strong>Art.22 Processo decisionale automatizzato relativo alle persone fisiche, compresa la profilazione<\/strong><br \/>\n1.L\u2019interessato ha il diritto di non essere sottoposto a una decisione basata unicamente sul trattamento automatizzato, compresa la profilazione, che produca effetti giuridici che lo riguardano o che incida in modo analogo significativamente sulla sua persona. 2.Il paragrafo 1 non si applica nel caso in cui la decisione: a) sia necessaria per la conclusione o l\u2019esecuzione di un contratto tra l\u2019interessato e un titolare del trattamento; b) sia autorizzata dal diritto dell\u2019Unione o dello Stato membro cui \u00e8 soggetto il titolare del trattamento, che precisa altres\u00ec misure adeguate a tutela dei diritti, delle libert\u00e0 e dei legittimi interessi dell\u2019interessato; c) si basi sul consenso esplicito dell\u2019interessato. 3.Nei casi di cui al paragrafo 2, lettere a) e c), il titolare del trattamento attua misure appropriate per tutelare i diritti, le libert\u00e0 e i legittimi interessi dell\u2019interessato, almeno il diritto di ottenere l\u2019intervento umano da parte del titolare del trattamento, di esprimere la propria opinione e di contestare la decisione. 4.Le decisioni di cui al paragrafo 2 non si basano sulle categorie particolari di dati personali di cui all\u2019articolo 9, paragrafo 1, a meno che non sia d\u2019applicazione l\u2019articolo 9, paragrafo 2, lettere a) o g), e non siano in vigore misure adeguate a tutela dei diritti, delle libert\u00e0 e dei legittimi interessi dell\u2019interessato.<\/p>\n<h4>INFORMATIVA ESTESA SUI COOKIE<\/h4>\n<p>La presente informativa privacy \u00e8 redatta in adempimento degli obblighi previsti dall\u2019Art. 10 della Direttiva n. 95\/46\/CE, nonch\u00e9 a quanto previsto dalla Direttiva 2002\/58\/CE, come aggiornata dalla Direttiva 2009\/136\/CE e all\u2019ex art. 13 Codice Privacy (D.lg. n. 196\/03) in materia di Cookie<br \/>\nTitolare del Trattamento dei Dati:<br \/>\n<strong>WITHUB S.P.A. Via Rubens 19 &#8211; 20148, Milano<\/strong><br \/>\nCosa sono i Cookie<br \/>\nI Cookie sono piccoli file di testo costituiti da porzioni di codice installate all\u2019interno del browser di navigazione che assistono il Titolare nell\u2019erogazione del servizio in base alle finalit\u00e0 descritte. Alcune delle finalit\u00e0 di installazione dei Cookie potrebbero, inoltre, necessitare del consenso dell\u2019Utente.<br \/>\nCookie di navigazione:<br \/>\nQuesto sito internet utilizza Cookie per salvare la sessione dell\u2019Utente e per svolgere altre attivit\u00e0 strettamente necessarie al funzionamento dello stesso.<br \/>\nCookie di terze parti:<br \/>\nI servizi elencati di seguito potrebbero raccogliere statistiche in forma aggregata e potrebbero non richiedere il consenso dell\u2019Utente o potrebbero essere gestiti direttamente dal Titolare \u2013 a seconda di quanto descritto \u2013 senza l\u2019ausilio di terzi. Possono inoltre compiere attivit\u00e0 di tracciamento dell\u2019Utente.<br \/>\nDal momento che l\u2019installazione di Cookie e di altri sistemi di tracciamento operata da terze parti tramite i servizi utilizzati all\u2019interno di questa Applicazione non pu\u00f2 essere tecnicamente controllata dal Titolare, ogni riferimento specifico a Cookie e sistemi di tracciamento installati da terze parti \u00e8 da considerarsi indicativo. Per ottenere informazioni complete, consulta la privacy policy dei servizi terzi elencati in questo documento<br \/>\nRegole sull\u2019utilizzo del sito<br \/>\nLe pagine Web di questo sito sono periodicamente aggiornate: gli Autori, tuttavia, non si assumono alcuna responsabilit\u00e0 in relazione alla completezza e all\u2019aggiornamento delle informazioni contenute. Nessuna responsabilit\u00e0, inoltre, pu\u00f2 essere imputata per eventuali manipolazioni del sito o dei dati in esso contenuti effettuate da terzi.<br \/>\nOgni rischio connesso all\u2019uso e all\u2019esplorazione del sito \u00e8 a carico dell\u2019utente. Nessuna responsabilit\u00e0 pu\u00f2 considerarsi a carico degli Autori in relazione ad eventuali danni che possano derivare all\u2019attrezzatura informatica dell\u2019utente a seguito dell\u2019accesso, dell\u2019uso, dello scaricamento o della visualizzazione dei materiali presenti su queste pagine web.<br \/>\nCome molte altre societ\u00e0 online il Titolare raccoglie informazioni tecniche dal computer dell\u2019utente ogni volta che questo visita una pagina Web dal sito. Queste informazioni comunicano l\u2019indirizzo IP (Internet Protocol) dell\u2019utente, il tipo di browser utilizzato, l\u2019indirizzo di eventuali siti Web collegati ed altre informazioni tecniche ai soli fini statistici.<br \/>\nCookies<br \/>\nNessun dato personale degli utenti viene in proposito acquisito dal sito. Non viene fatto uso di cookies per la trasmissione di informazioni di carattere personale, n\u00e9 vengono utilizzati c.d. cookies persistenti di alcun tipo, ovvero sistemi per il tracciamento degli utenti.<br \/>\nL\u2019uso di c.d. cookies di sessione (che non vengono memorizzati in modo persistente sul computer dell\u2019utente e svaniscono con la chiusura del browser) \u00e8 strettamente limitato alla trasmissione di identificativi di sessione (costituiti da numeri casuali generati dal server) necessari per consentire l\u2019esplorazione sicura ed efficiente del sito. I c.d. cookies di sessione utilizzati in questo sito evitano il ricorso ad altre tecniche informatiche potenzialmente pregiudizievoli per la riservatezza della navigazione degli utenti e non consentono l\u2019acquisizione di dati personali identificativi dell\u2019utente.<br \/>\nCookies di Google Analytics<br \/>\nQuesto sito utilizza il servizio terzo di Google Analytics per l\u2019analisi e la valutazione del traffico del sito.<br \/>\nI dati raccolti sono configurati in forma anonima.<br \/>\nCookies di profilazione<br \/>\nQuesto sito non utilizza i cookies di profilazione per inviarti pubblicit\u00e0 in linea con le tue preferenze.<br \/>\nPolicy cookies di terze parti<br \/>\nQuesto sito pu\u00f2 utilizzare strumenti di integrazione, collegamenti, analisi e sharing di pubblicazione delle informazioni su altri siti di terze parti per il quale vale la gestione e la profilazione dei cookies degli stessi in modo indipendente del quale il Titolare non \u00e8 responsabile.<\/p>\n<p>Per contattarci, clicca al link\u00a0<a href=\"https:\/\/hubeditoriale.it\/contatti\/\" target=\"_blank\" rel=\"noopener noreferrer\" data-saferedirecturl=\"https:\/\/www.google.com\/url?q=https:\/\/hubeditoriale.it\/contatti\/&amp;source=gmail&amp;ust=1559311699886000&amp;usg=AFQjCNGGJ8RA96yBbgyIOlKZi07F6jQOvg\">withub.it\/contatti\/<\/a>[\/vc_column_text][\/vc_column_inner][\/vc_row_inner][vc_empty_space height=&#8221;96px&#8221;][vc_empty_space][vc_empty_space height=&#8221;96px&#8221;][\/vc_column][\/vc_row]<\/p>\n<\/div>","protected":false},"excerpt":{"rendered":"<p>[vc_row css_animation=&#8221;&#8221; row_type=&#8221;row&#8221; use_row_as_full_screen_section=&#8221;no&#8221; type=&#8221;full_width&#8221; angled_section=&#8221;no&#8221; text_align=&#8221;left&#8221; background_image_as_pattern=&#8221;without_pattern&#8221;][vc_column][vc_row_inner row_type=&#8221;row&#8221; type=&#8221;grid&#8221; text_align=&#8221;left&#8221; css_animation=&#8221;&#8221;][vc_column_inner][vc_column_text] Privacy Policy [\/vc_column_text][vc_empty_space height=&#8221;16px&#8221;][vc_single_image image=&#8221;125&#8243; img_size=&#8221;full&#8221; qode_css_animation=&#8221;&#8221; el_class=&#8221;borde-image&#8221;][\/vc_column_inner][\/vc_row_inner][vc_empty_space height=&#8221;96px&#8221;][vc_empty_space height=&#8221;96px&#8221;][vc_empty_space height=&#8221;96px&#8221;][vc_row_inner row_type=&#8221;row&#8221; type=&#8221;grid&#8221; text_align=&#8221;left&#8221; css_animation=&#8221;&#8221; el_class=&#8221;box-container&#8221;][vc_column_inner][vc_column_text] WITHUB ha a cuore la tua privacy [\/vc_column_text][\/vc_column_inner][\/vc_row_inner][vc_row_inner row_type=&#8221;row&#8221; type=&#8221;grid&#8221; text_align=&#8221;left&#8221; css_animation=&#8221;&#8221; el_class=&#8221;box-container&#8221;][vc_column_inner][vc_column_text] PRIVACY E TERMINI DI&#8230;<\/p>\n","protected":false},"author":36,"featured_media":0,"parent":0,"menu_order":0,"comment_status":"closed","ping_status":"closed","template":"","meta":{"_acf_changed":false,"footnotes":""},"class_list":["post-1711","page","type-page","status-publish","hentry"],"acf":[],"_links":{"self":[{"href":"https:\/\/www.withub.it\/it\/wp-json\/wp\/v2\/pages\/1711","targetHints":{"allow":["GET"]}}],"collection":[{"href":"https:\/\/www.withub.it\/it\/wp-json\/wp\/v2\/pages"}],"about":[{"href":"https:\/\/www.withub.it\/it\/wp-json\/wp\/v2\/types\/page"}],"author":[{"embeddable":true,"href":"https:\/\/www.withub.it\/it\/wp-json\/wp\/v2\/users\/36"}],"replies":[{"embeddable":true,"href":"https:\/\/www.withub.it\/it\/wp-json\/wp\/v2\/comments?post=1711"}],"version-history":[{"count":0,"href":"https:\/\/www.withub.it\/it\/wp-json\/wp\/v2\/pages\/1711\/revisions"}],"wp:attachment":[{"href":"https:\/\/www.withub.it\/it\/wp-json\/wp\/v2\/media?parent=1711"}],"curies":[{"name":"wp","href":"https:\/\/api.w.org\/{rel}","templated":true}]}}